{"id":362,"date":"2023-07-07T08:28:16","date_gmt":"2023-07-07T08:28:16","guid":{"rendered":"https:\/\/www.elegant-goldstine.94-130-216-58.plesk.page\/?page_id=362"},"modified":"2023-07-20T09:24:52","modified_gmt":"2023-07-20T09:24:52","slug":"fenster-und-jalousiereinigung","status":"publish","type":"page","link":"https:\/\/cim-service.ms\/index.php\/fenster-und-jalousiereinigung\/","title":{"rendered":"Fenster- und Jalousiereinigung"},"content":{"rendered":"\n<figure class=\"wp-block-image alignfull size-full\"><img loading=\"lazy\" decoding=\"async\" width=\"2060\" height=\"671\" src=\"https:\/\/cim-service.ms\/wp-content\/uploads\/2023\/07\/fenster-unterseite-3-1.jpg\" alt=\"\" class=\"wp-image-908\" srcset=\"https:\/\/cim-service.ms\/wp-content\/uploads\/2023\/07\/fenster-unterseite-3-1.jpg 2060w, https:\/\/cim-service.ms\/wp-content\/uploads\/2023\/07\/fenster-unterseite-3-1-300x98.jpg 300w, https:\/\/cim-service.ms\/wp-content\/uploads\/2023\/07\/fenster-unterseite-3-1-1024x334.jpg 1024w, https:\/\/cim-service.ms\/wp-content\/uploads\/2023\/07\/fenster-unterseite-3-1-768x250.jpg 768w, https:\/\/cim-service.ms\/wp-content\/uploads\/2023\/07\/fenster-unterseite-3-1-1536x500.jpg 1536w, https:\/\/cim-service.ms\/wp-content\/uploads\/2023\/07\/fenster-unterseite-3-1-2048x667.jpg 2048w\" sizes=\"auto, (max-width: 2060px) 100vw, 2060px\" \/><\/figure>\n\n\n\n<div class=\"wp-block-group alignfull container-gruneflaeche has-dunkelblau-background-color has-background\"><div class=\"wp-block-group__inner-container is-layout-constrained wp-block-group-is-layout-constrained\">\n<div class=\"wp-block-columns is-layout-flex wp-container-core-columns-is-layout-9d6595d7 wp-block-columns-is-layout-flex\">\n<div class=\"wp-block-column grueneflaeche-flaeche has-background is-layout-flow wp-block-column-is-layout-flow\" style=\"background-color:#ffffff00\">\n<div class=\"wp-block-cover alignwide is-light grueneflaeche\" style=\"min-height:201px;aspect-ratio:unset;\"><span aria-hidden=\"true\" class=\"wp-block-cover__background has-background-dim-0 has-background-dim\"><\/span><img loading=\"lazy\" decoding=\"async\" width=\"2196\" height=\"1042\" class=\"wp-block-cover__image-background wp-image-341\" alt=\"\" src=\"https:\/\/cim-service.ms\/wp-content\/uploads\/2023\/07\/grueneflaeche-final.png\" data-object-fit=\"cover\" srcset=\"https:\/\/cim-service.ms\/wp-content\/uploads\/2023\/07\/grueneflaeche-final.png 2196w, https:\/\/cim-service.ms\/wp-content\/uploads\/2023\/07\/grueneflaeche-final-300x142.png 300w, https:\/\/cim-service.ms\/wp-content\/uploads\/2023\/07\/grueneflaeche-final-1024x486.png 1024w, https:\/\/cim-service.ms\/wp-content\/uploads\/2023\/07\/grueneflaeche-final-768x364.png 768w, https:\/\/cim-service.ms\/wp-content\/uploads\/2023\/07\/grueneflaeche-final-1536x729.png 1536w, https:\/\/cim-service.ms\/wp-content\/uploads\/2023\/07\/grueneflaeche-final-2048x972.png 2048w\" sizes=\"auto, (max-width: 2196px) 100vw, 2196px\" \/><div class=\"wp-block-cover__inner-container is-layout-flow wp-block-cover-is-layout-flow\">\n<h2 class=\"wp-block-heading has-text-align-left h2-unterseite has-base-3-color has-text-color has-large-font-size\">Fenster- und <br>Jalousiereinigung<\/h2>\n<\/div><\/div>\n<\/div>\n\n\n\n<div class=\"wp-block-column text-unterseite is-layout-flow wp-block-column-is-layout-flow\">\n<p class=\"has-base-3-color has-text-color\">Um zu verhindern, dass Schmutz und Schlieren die Aussicht versperren, sind wir f\u00fcr Sie da: Mit Spezialausstattung und geschulten Mitarbeitern gehen wir jedes Fenster an! Nach M\u00f6glichkeit nutzen wir hier immer ein umweltschonendes Osmoseverfahren.<br><br>Auch Ihre Jalousien befreien wir von Schmutz, Staub und Verf\u00e4rbungen. Dies ist nicht nur optisch ansprechender, sondern auch f\u00fcr die Aufrechterhaltung der Funktionalit\u00e4t erforderlich. Diese Aufgabe kann f\u00fcr Laien eine Ewigkeit in Anspruch nehmen und ist f\u00fcr uns Dank jahrelanger Erfahrung und Profiequipment im Nu erledigt.<\/p>\n<\/div>\n<\/div>\n<\/div><\/div>\n","protected":false},"excerpt":{"rendered":"<p>Um zu verhindern, dass Schmutz und Schlieren die Aussicht versperren, sind wir f\u00fcr Sie da: Mit Spezialausstattung und geschulten Mitarbeitern gehen wir jedes Fenster an! Nach M\u00f6glichkeit nutzen wir hier immer ein umweltschonendes Osmoseverfahren. Auch Ihre Jalousien befreien wir von Schmutz, Staub und Verf\u00e4rbungen. Dies ist nicht nur optisch ansprechender, sondern auch f\u00fcr die Aufrechterhaltung &#8230; <a title=\"Fenster- und Jalousiereinigung\" class=\"read-more\" href=\"https:\/\/cim-service.ms\/index.php\/fenster-und-jalousiereinigung\/\" aria-label=\"Mehr zu Fenster- und Jalousiereinigung\">Weiterlesen &#8230;<\/a><\/p>\n","protected":false},"author":1,"featured_media":0,"parent":0,"menu_order":0,"comment_status":"closed","ping_status":"closed","template":"","meta":{"inline_featured_image":false,"footnotes":""},"class_list":["post-362","page","type-page","status-publish"],"_links":{"self":[{"href":"https:\/\/cim-service.ms\/index.php\/wp-json\/wp\/v2\/pages\/362","targetHints":{"allow":["GET"]}}],"collection":[{"href":"https:\/\/cim-service.ms\/index.php\/wp-json\/wp\/v2\/pages"}],"about":[{"href":"https:\/\/cim-service.ms\/index.php\/wp-json\/wp\/v2\/types\/page"}],"author":[{"embeddable":true,"href":"https:\/\/cim-service.ms\/index.php\/wp-json\/wp\/v2\/users\/1"}],"replies":[{"embeddable":true,"href":"https:\/\/cim-service.ms\/index.php\/wp-json\/wp\/v2\/comments?post=362"}],"version-history":[{"count":10,"href":"https:\/\/cim-service.ms\/index.php\/wp-json\/wp\/v2\/pages\/362\/revisions"}],"predecessor-version":[{"id":909,"href":"https:\/\/cim-service.ms\/index.php\/wp-json\/wp\/v2\/pages\/362\/revisions\/909"}],"wp:attachment":[{"href":"https:\/\/cim-service.ms\/index.php\/wp-json\/wp\/v2\/media?parent=362"}],"curies":[{"name":"wp","href":"https:\/\/api.w.org\/{rel}","templated":true}]}}