{"id":382,"date":"2023-07-07T08:46:20","date_gmt":"2023-07-07T08:46:20","guid":{"rendered":"https:\/\/www.elegant-goldstine.94-130-216-58.plesk.page\/?page_id=382"},"modified":"2023-07-12T08:08:03","modified_gmt":"2023-07-12T08:08:03","slug":"gartenpflege-aussenreinigung-winterdienst","status":"publish","type":"page","link":"https:\/\/cim-service.ms\/index.php\/gartenpflege-aussenreinigung-winterdienst\/","title":{"rendered":"Gartenpflege\/Au\u00dfenreinigung\/Winterdienst"},"content":{"rendered":"\n<figure class=\"wp-block-image alignfull size-full\"><img loading=\"lazy\" decoding=\"async\" width=\"2550\" height=\"833\" src=\"https:\/\/cim-service.ms\/wp-content\/uploads\/2023\/07\/gartenpfeleg-unterseite-2.jpg\" alt=\"\" class=\"wp-image-505\" srcset=\"https:\/\/cim-service.ms\/wp-content\/uploads\/2023\/07\/gartenpfeleg-unterseite-2.jpg 2550w, https:\/\/cim-service.ms\/wp-content\/uploads\/2023\/07\/gartenpfeleg-unterseite-2-300x98.jpg 300w, https:\/\/cim-service.ms\/wp-content\/uploads\/2023\/07\/gartenpfeleg-unterseite-2-1024x335.jpg 1024w, https:\/\/cim-service.ms\/wp-content\/uploads\/2023\/07\/gartenpfeleg-unterseite-2-768x251.jpg 768w, https:\/\/cim-service.ms\/wp-content\/uploads\/2023\/07\/gartenpfeleg-unterseite-2-1536x502.jpg 1536w, https:\/\/cim-service.ms\/wp-content\/uploads\/2023\/07\/gartenpfeleg-unterseite-2-2048x669.jpg 2048w\" sizes=\"auto, (max-width: 2550px) 100vw, 2550px\" \/><\/figure>\n\n\n\n<div class=\"wp-block-group alignfull container-gruneflaeche has-dunkelblau-background-color has-background\"><div class=\"wp-block-group__inner-container is-layout-constrained wp-block-group-is-layout-constrained\">\n<div class=\"wp-block-columns is-layout-flex wp-container-core-columns-is-layout-9d6595d7 wp-block-columns-is-layout-flex\">\n<div class=\"wp-block-column grueneflaeche-flaeche has-background is-layout-flow wp-block-column-is-layout-flow\" style=\"background-color:#ffffff00\">\n<div class=\"wp-block-cover alignwide is-light grueneflaeche\" style=\"min-height:201px;aspect-ratio:unset;\"><span aria-hidden=\"true\" class=\"wp-block-cover__background has-background-dim-0 has-background-dim\"><\/span><img loading=\"lazy\" decoding=\"async\" width=\"2196\" height=\"1042\" class=\"wp-block-cover__image-background wp-image-341\" alt=\"\" src=\"https:\/\/cim-service.ms\/wp-content\/uploads\/2023\/07\/grueneflaeche-final.png\" data-object-fit=\"cover\" srcset=\"https:\/\/cim-service.ms\/wp-content\/uploads\/2023\/07\/grueneflaeche-final.png 2196w, https:\/\/cim-service.ms\/wp-content\/uploads\/2023\/07\/grueneflaeche-final-300x142.png 300w, https:\/\/cim-service.ms\/wp-content\/uploads\/2023\/07\/grueneflaeche-final-1024x486.png 1024w, https:\/\/cim-service.ms\/wp-content\/uploads\/2023\/07\/grueneflaeche-final-768x364.png 768w, https:\/\/cim-service.ms\/wp-content\/uploads\/2023\/07\/grueneflaeche-final-1536x729.png 1536w, https:\/\/cim-service.ms\/wp-content\/uploads\/2023\/07\/grueneflaeche-final-2048x972.png 2048w\" sizes=\"auto, (max-width: 2196px) 100vw, 2196px\" \/><div class=\"wp-block-cover__inner-container is-layout-flow wp-block-cover-is-layout-flow\">\n<h2 class=\"wp-block-heading has-text-align-left h2-unterseite has-base-3-color has-text-color has-large-font-size\">Gartenpflege\/<br>Au\u00dfenreinigung\/<br>Winterdienst<\/h2>\n<\/div><\/div>\n<\/div>\n\n\n\n<div class=\"wp-block-column text-unterseite is-layout-flow wp-block-column-is-layout-flow\">\n<p class=\"has-base-3-color has-text-color\">Der erste Eindruck z\u00e4hlt. Das gilt insbesondere f\u00fcr Ihre Gr\u00fcnanlagen und Graufl\u00e4chen. Ein gepflegtes \u00c4u\u00dferes l\u00e4dt nicht nur Ihre Mitarbeiter, sondern auch Ihre Kunden zum Wohlf\u00fchlen ein. Ihre Pflanzen und Au\u00dfenbereiche sind bei uns in den besten H\u00e4nden.<br><br>Der R\u00e4umungsdienst in den fr\u00fchen Morgenstunden unter Einhaltung der Gemeinreinigungssatzung sorgt f\u00fcr Sicherheit bei Eis und Schnee.<\/p>\n<\/div>\n<\/div>\n<\/div><\/div>\n","protected":false},"excerpt":{"rendered":"<p>Der erste Eindruck z\u00e4hlt. Das gilt insbesondere f\u00fcr Ihre Gr\u00fcnanlagen und Graufl\u00e4chen. Ein gepflegtes \u00c4u\u00dferes l\u00e4dt nicht nur Ihre Mitarbeiter, sondern auch Ihre Kunden zum Wohlf\u00fchlen ein. Ihre Pflanzen und Au\u00dfenbereiche sind bei uns in den besten H\u00e4nden. Der R\u00e4umungsdienst in den fr\u00fchen Morgenstunden unter Einhaltung der Gemeinreinigungssatzung sorgt f\u00fcr Sicherheit bei Eis und Schnee.<\/p>\n","protected":false},"author":1,"featured_media":0,"parent":0,"menu_order":0,"comment_status":"closed","ping_status":"closed","template":"","meta":{"inline_featured_image":false,"footnotes":""},"class_list":["post-382","page","type-page","status-publish"],"_links":{"self":[{"href":"https:\/\/cim-service.ms\/index.php\/wp-json\/wp\/v2\/pages\/382","targetHints":{"allow":["GET"]}}],"collection":[{"href":"https:\/\/cim-service.ms\/index.php\/wp-json\/wp\/v2\/pages"}],"about":[{"href":"https:\/\/cim-service.ms\/index.php\/wp-json\/wp\/v2\/types\/page"}],"author":[{"embeddable":true,"href":"https:\/\/cim-service.ms\/index.php\/wp-json\/wp\/v2\/users\/1"}],"replies":[{"embeddable":true,"href":"https:\/\/cim-service.ms\/index.php\/wp-json\/wp\/v2\/comments?post=382"}],"version-history":[{"count":7,"href":"https:\/\/cim-service.ms\/index.php\/wp-json\/wp\/v2\/pages\/382\/revisions"}],"predecessor-version":[{"id":506,"href":"https:\/\/cim-service.ms\/index.php\/wp-json\/wp\/v2\/pages\/382\/revisions\/506"}],"wp:attachment":[{"href":"https:\/\/cim-service.ms\/index.php\/wp-json\/wp\/v2\/media?parent=382"}],"curies":[{"name":"wp","href":"https:\/\/api.w.org\/{rel}","templated":true}]}}